{"id":33,"date":"2020-10-06T09:27:25","date_gmt":"2020-10-06T09:27:25","guid":{"rendered":"https:\/\/www.tierphysio-bingel.de\/?page_id=33"},"modified":"2024-11-17T19:23:42","modified_gmt":"2024-11-17T19:23:42","slug":"leistungen","status":"publish","type":"page","link":"https:\/\/www.tierphysio-bingel.de\/?page_id=33","title":{"rendered":"Meine Leistungen"},"content":{"rendered":"\n<ul class=\"wp-block-list\"><li>aktive und passive Krankengymnastik<\/li><li>Akupunktur, Laserakupunktur<\/li><li>Craniosacrale Therapie Pferd<\/li><li>Interferenz Regulationstherapie (IFR)<\/li><li>Lasertherapie<\/li><li>Lymphdrainage<\/li><li>Manuelle Therapie<\/li><li>Massage<\/li><li>Musterorientierte Bewegungsinduktion (MOBI)<\/li><li>Neurologisches Behandlungskonzept &#8211; TYMAL<\/li><li>Osteopathie<\/li><li>Reflexinduziertes Training (nach Alexander oder Zohmann)<\/li><li>Rehabilitation nach z.B. Operationen<\/li><li>Sportphysiotherapie f\u00fcr Sport- und Diensthunde<\/li><li>Unterwasserlaufband-Therapie<\/li><\/ul>\n\n\n\n<div class=\"wp-block-columns is-layout-flex wp-container-core-columns-is-layout-28f84493 wp-block-columns-is-layout-flex\">\n<div class=\"wp-block-column is-layout-flow wp-block-column-is-layout-flow\">\n<figure class=\"wp-block-image size-large is-style-rounded\"><img loading=\"lazy\" decoding=\"async\" width=\"1024\" height=\"683\" src=\"https:\/\/www.tierphysio-bingel.de\/wp-content\/uploads\/2020\/11\/Akupunktur-1024x683.jpg\" alt=\"\" class=\"wp-image-111\" srcset=\"https:\/\/www.tierphysio-bingel.de\/wp-content\/uploads\/2020\/11\/Akupunktur-1024x683.jpg 1024w, https:\/\/www.tierphysio-bingel.de\/wp-content\/uploads\/2020\/11\/Akupunktur-300x200.jpg 300w, https:\/\/www.tierphysio-bingel.de\/wp-content\/uploads\/2020\/11\/Akupunktur-768x512.jpg 768w, https:\/\/www.tierphysio-bingel.de\/wp-content\/uploads\/2020\/11\/Akupunktur-1536x1024.jpg 1536w, https:\/\/www.tierphysio-bingel.de\/wp-content\/uploads\/2020\/11\/Akupunktur-2048x1365.jpg 2048w\" sizes=\"auto, (max-width: 1024px) 100vw, 1024px\" \/><\/figure>\n<\/div>\n\n\n\n<div class=\"wp-block-column is-layout-flow wp-block-column-is-layout-flow\">\n<p><strong>Akupunktur<\/strong><\/p>\n\n\n\n<p>Ein Leitsatz der Akupunktur lautet: &#8222;Akupunktur kann heilen was gest\u00f6rt ist, sie kann aber nicht reparieren, was bereits zerst\u00f6rt ist.&#8220;<\/p>\n\n\n\n<p>Die Akupunktur nutze ich z.B.<\/p>\n\n\n\n<ul class=\"wp-block-list\" id=\"block-8cdcccc3-de66-44cc-8adf-bfa173b9c8af\"><li>bei funktionellen St\u00f6rungen des Bewegungsapparates<\/li><li>bei chronischen Erkrankungen<\/li><li>bei neurologischen Problemen (Bandscheibenvorfall, L\u00e4hmungserscheinungen &#8230;)<\/li><li>zur Schmerztherapie<\/li><li>bei Harninkontinenz<\/li><li>Anregung des Immunsystems (Allergie, Immunschw\u00e4che &#8230;)<\/li><\/ul>\n<\/div>\n<\/div>\n\n\n\n<div class=\"wp-block-columns is-layout-flex wp-container-core-columns-is-layout-28f84493 wp-block-columns-is-layout-flex\">\n<div class=\"wp-block-column is-layout-flow wp-block-column-is-layout-flow\">\n<figure class=\"wp-block-image size-large is-style-rounded\"><img loading=\"lazy\" decoding=\"async\" width=\"1024\" height=\"768\" src=\"https:\/\/www.tierphysio-bingel.de\/wp-content\/uploads\/2024\/02\/IMG_5654-1024x768.jpg\" alt=\"\" class=\"wp-image-276\" srcset=\"https:\/\/www.tierphysio-bingel.de\/wp-content\/uploads\/2024\/02\/IMG_5654-1024x768.jpg 1024w, https:\/\/www.tierphysio-bingel.de\/wp-content\/uploads\/2024\/02\/IMG_5654-300x225.jpg 300w, https:\/\/www.tierphysio-bingel.de\/wp-content\/uploads\/2024\/02\/IMG_5654-768x576.jpg 768w, https:\/\/www.tierphysio-bingel.de\/wp-content\/uploads\/2024\/02\/IMG_5654-1536x1152.jpg 1536w, https:\/\/www.tierphysio-bingel.de\/wp-content\/uploads\/2024\/02\/IMG_5654-2048x1536.jpg 2048w\" sizes=\"auto, (max-width: 1024px) 100vw, 1024px\" \/><\/figure>\n<\/div>\n\n\n\n<div class=\"wp-block-column is-layout-flow wp-block-column-is-layout-flow\">\n<p><strong>Lasertherapie<\/strong><\/p>\n\n\n\n<p>Die Energie, die in den K\u00f6rper eingebracht wird, regt unter anderem den Zellstoffwechsel und das Zellwachstum an. Die Lasertherapie wird gut von den Tieren akzeptiert, da sie nicht unangenehm ist. Sie wird eingesetzt z.B. bei:<\/p>\n\n\n\n<ul class=\"wp-block-list\" id=\"block-2024e470-31d1-48be-99c2-5299bc1af028\"><li>orthop\u00e4dische Erkrankungen (z.B. H\u00fcft-\/ Knie-\/ Schulter-\/ Ellbogenprobleme; Bandscheibenvorf\u00e4lle, Spondylosen)<\/li><li>Traumata und \u00dcberlastungssyndromen<\/li><li>zur Schmerzlinderung <\/li><li>zur F\u00f6rderung der Wundheilung (entz\u00fcndungshemmender Effekt)<\/li><li>f\u00fcr die Laserakupunktur<\/li><\/ul>\n\n\n\n<p><\/p>\n<\/div>\n<\/div>\n\n\n\n<div class=\"wp-block-columns is-layout-flex wp-container-core-columns-is-layout-28f84493 wp-block-columns-is-layout-flex\">\n<div class=\"wp-block-column is-layout-flow wp-block-column-is-layout-flow\">\n<figure class=\"wp-block-image size-large is-resized is-style-rounded\"><img loading=\"lazy\" decoding=\"async\" src=\"https:\/\/www.tierphysio-bingel.de\/wp-content\/uploads\/2022\/06\/3d05682a-db26-4ae0-b867-3c38c582b862-951x1024.jpg\" alt=\"\" class=\"wp-image-254\" width=\"322\" height=\"346\" srcset=\"https:\/\/www.tierphysio-bingel.de\/wp-content\/uploads\/2022\/06\/3d05682a-db26-4ae0-b867-3c38c582b862-951x1024.jpg 951w, https:\/\/www.tierphysio-bingel.de\/wp-content\/uploads\/2022\/06\/3d05682a-db26-4ae0-b867-3c38c582b862-278x300.jpg 278w, https:\/\/www.tierphysio-bingel.de\/wp-content\/uploads\/2022\/06\/3d05682a-db26-4ae0-b867-3c38c582b862-768x827.jpg 768w, https:\/\/www.tierphysio-bingel.de\/wp-content\/uploads\/2022\/06\/3d05682a-db26-4ae0-b867-3c38c582b862-1426x1536.jpg 1426w, https:\/\/www.tierphysio-bingel.de\/wp-content\/uploads\/2022\/06\/3d05682a-db26-4ae0-b867-3c38c582b862.jpg 1901w\" sizes=\"auto, (max-width: 322px) 100vw, 322px\" \/><\/figure>\n<\/div>\n\n\n\n<div class=\"wp-block-column is-layout-flow wp-block-column-is-layout-flow\">\n<p><strong>Interferenz Regulationstherapie <\/strong><\/p>\n\n\n\n<ul class=\"wp-block-list\"><li>schmerzlindernde Wirkung<\/li><li>Beeinflussung des Lymphflusses<\/li><li>positive Beeinflussung der Wundheilung und des Stoffwechsels<\/li><li>Besserung der Nervenleitgeschwindigkeit<\/li><li>Patienten mit Herzproblemen oder b\u00f6sartigen Tumoren k\u00f6nnen ohne negative Beeinflussung behandelt werden<\/li><li>keine unangenehmen Empfindungen w\u00e4hrend der Therapie<\/li><\/ul>\n<\/div>\n<\/div>\n\n\n\n<div class=\"wp-block-columns is-layout-flex wp-container-core-columns-is-layout-28f84493 wp-block-columns-is-layout-flex\">\n<div class=\"wp-block-column is-layout-flow wp-block-column-is-layout-flow\">\n<figure class=\"wp-block-image size-large is-style-rounded\"><img loading=\"lazy\" decoding=\"async\" width=\"1024\" height=\"683\" src=\"https:\/\/www.tierphysio-bingel.de\/wp-content\/uploads\/2020\/11\/MOBI-1024x683.jpg\" alt=\"\" class=\"wp-image-113\" srcset=\"https:\/\/www.tierphysio-bingel.de\/wp-content\/uploads\/2020\/11\/MOBI-1024x683.jpg 1024w, https:\/\/www.tierphysio-bingel.de\/wp-content\/uploads\/2020\/11\/MOBI-300x200.jpg 300w, https:\/\/www.tierphysio-bingel.de\/wp-content\/uploads\/2020\/11\/MOBI-768x512.jpg 768w, https:\/\/www.tierphysio-bingel.de\/wp-content\/uploads\/2020\/11\/MOBI-1536x1024.jpg 1536w, https:\/\/www.tierphysio-bingel.de\/wp-content\/uploads\/2020\/11\/MOBI-2048x1365.jpg 2048w\" sizes=\"auto, (max-width: 1024px) 100vw, 1024px\" \/><\/figure>\n<\/div>\n\n\n\n<div class=\"wp-block-column is-layout-flow wp-block-column-is-layout-flow\">\n<p><strong>Musterorientierte Bewegungsinduktion (MOBI)<\/strong><\/p>\n\n\n\n<p>Die Musterorientierte Bewegungsinduktion hat zum Ziel ver\u00e4nderte Bewegungsabl\u00e4ufe wieder zu normalisieren, damit keine Folgesch\u00e4den auftreten. Sie bietet eine gute M\u00f6glichkeit gemeinsam mit dem Tier an Fehlstellungen, bei Entlastungshaltungen, nach Operationen etc. zu arbeiten.<\/p>\n<\/div>\n<\/div>\n\n\n\n<div class=\"wp-block-columns is-layout-flex wp-container-core-columns-is-layout-28f84493 wp-block-columns-is-layout-flex\">\n<div class=\"wp-block-column is-layout-flow wp-block-column-is-layout-flow\">\n<figure class=\"wp-block-image size-large is-resized is-style-rounded\"><img loading=\"lazy\" decoding=\"async\" src=\"https:\/\/www.tierphysio-bingel.de\/wp-content\/uploads\/2024\/11\/ZertOsteoJB1076624-002-3-839x1024.png\" alt=\"\" class=\"wp-image-298\" width=\"372\" height=\"454\" srcset=\"https:\/\/www.tierphysio-bingel.de\/wp-content\/uploads\/2024\/11\/ZertOsteoJB1076624-002-3-839x1024.png 839w, https:\/\/www.tierphysio-bingel.de\/wp-content\/uploads\/2024\/11\/ZertOsteoJB1076624-002-3-246x300.png 246w, https:\/\/www.tierphysio-bingel.de\/wp-content\/uploads\/2024\/11\/ZertOsteoJB1076624-002-3-768x937.png 768w, https:\/\/www.tierphysio-bingel.de\/wp-content\/uploads\/2024\/11\/ZertOsteoJB1076624-002-3-1259x1536.png 1259w, https:\/\/www.tierphysio-bingel.de\/wp-content\/uploads\/2024\/11\/ZertOsteoJB1076624-002-3-1679x2048.png 1679w, https:\/\/www.tierphysio-bingel.de\/wp-content\/uploads\/2024\/11\/ZertOsteoJB1076624-002-3.png 1846w\" sizes=\"auto, (max-width: 372px) 100vw, 372px\" \/><\/figure>\n<\/div>\n\n\n\n<div class=\"wp-block-column is-layout-flow wp-block-column-is-layout-flow\">\n<p><strong>Osteopathie<\/strong><\/p>\n\n\n\n<p>&#8222;Der K\u00f6rper als Einheit ist nur ein R\u00e4dchen im System. In Mitleidenschaft gezogen, betrifft es, wenn auch nicht immer sichtbar, das Ganze.&#8220; Zitat Dr. Andrew Taylor Still (1828-1917)<\/p>\n\n\n\n<p>Ziel der Therapie ist es, den Verlust \/ die Einschr\u00e4nkung der Mobilit\u00e4t zu korrigieren, wodurch sich der K\u00f6rper dann aus eigener Kraft wieder ins Gleichgewicht bringen kann.<\/p>\n\n\n\n<p>Dies m\u00f6chte ich durch sanfte und nicht schmerzhafte Impulse erreichen.<\/p>\n<\/div>\n<\/div>\n\n\n\n<div class=\"wp-block-columns is-layout-flex wp-container-core-columns-is-layout-28f84493 wp-block-columns-is-layout-flex\">\n<div class=\"wp-block-column is-layout-flow wp-block-column-is-layout-flow\">\n<figure class=\"wp-block-image size-large is-style-rounded\"><img loading=\"lazy\" decoding=\"async\" width=\"1024\" height=\"683\" src=\"https:\/\/www.tierphysio-bingel.de\/wp-content\/uploads\/2020\/11\/Sportphysio-1024x683.jpg\" alt=\"\" class=\"wp-image-115\" srcset=\"https:\/\/www.tierphysio-bingel.de\/wp-content\/uploads\/2020\/11\/Sportphysio-1024x683.jpg 1024w, https:\/\/www.tierphysio-bingel.de\/wp-content\/uploads\/2020\/11\/Sportphysio-300x200.jpg 300w, https:\/\/www.tierphysio-bingel.de\/wp-content\/uploads\/2020\/11\/Sportphysio-768x512.jpg 768w, https:\/\/www.tierphysio-bingel.de\/wp-content\/uploads\/2020\/11\/Sportphysio-1536x1024.jpg 1536w, https:\/\/www.tierphysio-bingel.de\/wp-content\/uploads\/2020\/11\/Sportphysio-2048x1365.jpg 2048w\" sizes=\"auto, (max-width: 1024px) 100vw, 1024px\" \/><\/figure>\n<\/div>\n\n\n\n<div class=\"wp-block-column is-layout-flow wp-block-column-is-layout-flow\">\n<p><strong>Sportphysiotherapie f\u00fcr Sport- und Diensthunde<\/strong><\/p>\n\n\n\n<p>Damit ihr tierischer Freund und Partner gesund und fit bleibt, m\u00f6chte ich Sie unterst\u00fctzen!<\/p>\n\n\n\n<ul class=\"wp-block-list\"><li>Prophylaxe und Gesunderhaltung<\/li><li>Leistungsoptimierung<\/li><li>Rehabilitation<\/li><\/ul>\n<\/div>\n<\/div>\n\n\n\n<div class=\"wp-block-columns is-layout-flex wp-container-core-columns-is-layout-28f84493 wp-block-columns-is-layout-flex\">\n<div class=\"wp-block-column is-layout-flow wp-block-column-is-layout-flow\">\n<figure class=\"wp-block-image size-large is-resized is-style-rounded\"><img loading=\"lazy\" decoding=\"async\" src=\"https:\/\/www.tierphysio-bingel.de\/wp-content\/uploads\/2021\/10\/UWL-seitl.jpg\" alt=\"\" class=\"wp-image-222\" width=\"603\" height=\"452\" srcset=\"https:\/\/www.tierphysio-bingel.de\/wp-content\/uploads\/2021\/10\/UWL-seitl.jpg 400w, https:\/\/www.tierphysio-bingel.de\/wp-content\/uploads\/2021\/10\/UWL-seitl-300x225.jpg 300w\" sizes=\"auto, (max-width: 603px) 100vw, 603px\" \/><\/figure>\n\n\n\n<p><\/p>\n\n\n\n<p><\/p>\n\n\n\n<p><\/p>\n\n\n\n<p><\/p>\n\n\n<\/div>\n\n\n\n<div class=\"wp-block-column is-layout-flow wp-block-column-is-layout-flow\">\n<p><strong>Unterwasserlaufband<\/strong><\/p>\n\n\n\n<p>Mit Hilfe des Unterwasserlaufbandes kann die Kraft, Koordination, Stabilit\u00e4t und Ausdauer trainiert werden.<\/p>\n\n\n\n<ul class=\"wp-block-list\"><li>Die Gelenke werden entlastet und schmerzhafte Bewegungen sind dadurch besser m\u00f6glich.<\/li><li>Die Muskulatur wird durch den Wasserwiderstand st\u00e4rker trainiert.<\/li><li>Das Herz-Kreislaufsystem wird gest\u00e4rkt.<\/li><li>Warmes Wasser kann helfen Verspannungen in der Muskulatur zu l\u00f6sen.<\/li><li>Durch anregen der CPG\u00b4s (Central Pattern Generators) ist es m\u00f6glich das Laufen wieder zu erlernen.<\/li><\/ul>\n\n\n\n<p>Einige Beispiele sind:<\/p>\n\n\n\n<ul class=\"wp-block-list\"><li>Wachstumserkrankungen (HD, ED, OCD, Patellaluxation &#8230;)<\/li><li>orthop\u00e4dische Erkrankungen (Arthrose, Spondylose, Cauda equina Syndrom &#8230; )<\/li><li>neurologische Erkrankungen (Bandscheibenvorfall, Schlaganfall &#8230; )<\/li><li>vor und nach chirurgischen Eingriffen (Kreuzbandriss, Frakturen, &#8230; )<\/li><li>geriatrische Patienten<\/li><li>Schmerzpatienten<\/li><li>Trainingsunterst\u00fctzung bei Sport- und Diensthunden<\/li><\/ul>\n<\/div>\n<\/div>\n","protected":false},"excerpt":{"rendered":"<p>aktive und passive Krankengymnastik Akupunktur, Laserakupunktur Craniosacrale Therapie Pferd Interferenz Regulationstherapie (IFR) Lasertherapie Lymphdrainage Manuelle Therapie Massage Musterorientierte Bewegungsinduktion (MOBI) Neurologisches Behandlungskonzept &#8211; TYMAL Osteopathie Reflexinduziertes Training (nach Alexander oder Zohmann) Rehabilitation nach z.B. Operationen Sportphysiotherapie f\u00fcr Sport- und Diensthunde<\/p>\n","protected":false},"author":3,"featured_media":0,"parent":0,"menu_order":0,"comment_status":"closed","ping_status":"closed","template":"","meta":{"footnotes":""},"class_list":["post-33","page","type-page","status-publish","hentry"],"yoast_head":"<!-- This site is optimized with the Yoast SEO plugin v24.6 - https:\/\/yoast.com\/wordpress\/plugins\/seo\/ -->\n<title>Meine Leistungen - Tierphysio Bingel<\/title>\n<meta name=\"description\" content=\"Tierphysiotherapeutin Bingel; Physiotherapie f\u00fcr Hunde; Physiotherapie f\u00fcr Katzen, Unterwasserlaufband, Osteopathie, Akupunktur, Lasertherapie, Laserakupunktur, Sportphysiotherapie f\u00fcr Sport- und Diensthunde, Craniosacrale Therapie Pferd, Lasertherapie Pferd\" \/>\n<meta name=\"robots\" content=\"index, follow, max-snippet:-1, max-image-preview:large, max-video-preview:-1\" \/>\n<link rel=\"canonical\" href=\"https:\/\/www.tierphysio-bingel.de\/?page_id=33\" \/>\n<meta property=\"og:locale\" content=\"de_DE\" \/>\n<meta property=\"og:type\" content=\"article\" \/>\n<meta property=\"og:title\" content=\"Meine Leistungen - Tierphysio Bingel\" \/>\n<meta property=\"og:description\" content=\"Tierphysiotherapeutin Bingel; Physiotherapie f\u00fcr Hunde; Physiotherapie f\u00fcr Katzen, Unterwasserlaufband, Osteopathie, Akupunktur, Lasertherapie, Laserakupunktur, Sportphysiotherapie f\u00fcr Sport- und Diensthunde, Craniosacrale Therapie Pferd, Lasertherapie Pferd\" \/>\n<meta property=\"og:url\" content=\"https:\/\/www.tierphysio-bingel.de\/?page_id=33\" \/>\n<meta property=\"og:site_name\" content=\"Tierphysio Bingel\" \/>\n<meta property=\"article:modified_time\" content=\"2024-11-17T19:23:42+00:00\" \/>\n<meta property=\"og:image\" content=\"https:\/\/www.tierphysio-bingel.de\/wp-content\/uploads\/2020\/11\/Akupunktur-1024x683.jpg\" \/>\n<meta name=\"twitter:card\" content=\"summary_large_image\" \/>\n<meta name=\"twitter:label1\" content=\"Gesch\u00e4tzte Lesezeit\" \/>\n\t<meta name=\"twitter:data1\" content=\"2\u00a0Minuten\" \/>\n<script type=\"application\/ld+json\" class=\"yoast-schema-graph\">{\"@context\":\"https:\/\/schema.org\",\"@graph\":[{\"@type\":\"WebPage\",\"@id\":\"https:\/\/www.tierphysio-bingel.de\/?page_id=33\",\"url\":\"https:\/\/www.tierphysio-bingel.de\/?page_id=33\",\"name\":\"Meine Leistungen - Tierphysio Bingel\",\"isPartOf\":{\"@id\":\"https:\/\/www.tierphysio-bingel.de\/#website\"},\"primaryImageOfPage\":{\"@id\":\"https:\/\/www.tierphysio-bingel.de\/?page_id=33#primaryimage\"},\"image\":{\"@id\":\"https:\/\/www.tierphysio-bingel.de\/?page_id=33#primaryimage\"},\"thumbnailUrl\":\"https:\/\/www.tierphysio-bingel.de\/wp-content\/uploads\/2020\/11\/Akupunktur-1024x683.jpg\",\"datePublished\":\"2020-10-06T09:27:25+00:00\",\"dateModified\":\"2024-11-17T19:23:42+00:00\",\"description\":\"Tierphysiotherapeutin Bingel; Physiotherapie f\u00fcr Hunde; Physiotherapie f\u00fcr Katzen, Unterwasserlaufband, Osteopathie, Akupunktur, Lasertherapie, Laserakupunktur, Sportphysiotherapie f\u00fcr Sport- und Diensthunde, Craniosacrale Therapie Pferd, Lasertherapie Pferd\",\"breadcrumb\":{\"@id\":\"https:\/\/www.tierphysio-bingel.de\/?page_id=33#breadcrumb\"},\"inLanguage\":\"de\",\"potentialAction\":[{\"@type\":\"ReadAction\",\"target\":[\"https:\/\/www.tierphysio-bingel.de\/?page_id=33\"]}]},{\"@type\":\"ImageObject\",\"inLanguage\":\"de\",\"@id\":\"https:\/\/www.tierphysio-bingel.de\/?page_id=33#primaryimage\",\"url\":\"https:\/\/www.tierphysio-bingel.de\/wp-content\/uploads\/2020\/11\/Akupunktur-scaled.jpg\",\"contentUrl\":\"https:\/\/www.tierphysio-bingel.de\/wp-content\/uploads\/2020\/11\/Akupunktur-scaled.jpg\",\"width\":2560,\"height\":1707},{\"@type\":\"BreadcrumbList\",\"@id\":\"https:\/\/www.tierphysio-bingel.de\/?page_id=33#breadcrumb\",\"itemListElement\":[{\"@type\":\"ListItem\",\"position\":1,\"name\":\"Home\",\"item\":\"https:\/\/www.tierphysio-bingel.de\/\"},{\"@type\":\"ListItem\",\"position\":2,\"name\":\"Meine Leistungen\"}]},{\"@type\":\"WebSite\",\"@id\":\"https:\/\/www.tierphysio-bingel.de\/#website\",\"url\":\"https:\/\/www.tierphysio-bingel.de\/\",\"name\":\"Tierphysio Bingel\",\"description\":\"Alles f\u00fcr Ihr Tier\",\"publisher\":{\"@id\":\"https:\/\/www.tierphysio-bingel.de\/#organization\"},\"potentialAction\":[{\"@type\":\"SearchAction\",\"target\":{\"@type\":\"EntryPoint\",\"urlTemplate\":\"https:\/\/www.tierphysio-bingel.de\/?s={search_term_string}\"},\"query-input\":{\"@type\":\"PropertyValueSpecification\",\"valueRequired\":true,\"valueName\":\"search_term_string\"}}],\"inLanguage\":\"de\"},{\"@type\":\"Organization\",\"@id\":\"https:\/\/www.tierphysio-bingel.de\/#organization\",\"name\":\"Tierphysiotherapie Julia Bingel\",\"url\":\"https:\/\/www.tierphysio-bingel.de\/\",\"logo\":{\"@type\":\"ImageObject\",\"inLanguage\":\"de\",\"@id\":\"https:\/\/www.tierphysio-bingel.de\/#\/schema\/logo\/image\/\",\"url\":\"https:\/\/www.tierphysio-bingel.de\/wp-content\/uploads\/2020\/10\/logo_xs.png\",\"contentUrl\":\"https:\/\/www.tierphysio-bingel.de\/wp-content\/uploads\/2020\/10\/logo_xs.png\",\"width\":100,\"height\":38,\"caption\":\"Tierphysiotherapie Julia Bingel\"},\"image\":{\"@id\":\"https:\/\/www.tierphysio-bingel.de\/#\/schema\/logo\/image\/\"}}]}<\/script>\n<!-- \/ Yoast SEO plugin. -->","yoast_head_json":{"title":"Meine Leistungen - Tierphysio Bingel","description":"Tierphysiotherapeutin Bingel; Physiotherapie f\u00fcr Hunde; Physiotherapie f\u00fcr Katzen, Unterwasserlaufband, Osteopathie, Akupunktur, Lasertherapie, Laserakupunktur, Sportphysiotherapie f\u00fcr Sport- und Diensthunde, Craniosacrale Therapie Pferd, Lasertherapie Pferd","robots":{"index":"index","follow":"follow","max-snippet":"max-snippet:-1","max-image-preview":"max-image-preview:large","max-video-preview":"max-video-preview:-1"},"canonical":"https:\/\/www.tierphysio-bingel.de\/?page_id=33","og_locale":"de_DE","og_type":"article","og_title":"Meine Leistungen - Tierphysio Bingel","og_description":"Tierphysiotherapeutin Bingel; Physiotherapie f\u00fcr Hunde; Physiotherapie f\u00fcr Katzen, Unterwasserlaufband, Osteopathie, Akupunktur, Lasertherapie, Laserakupunktur, Sportphysiotherapie f\u00fcr Sport- und Diensthunde, Craniosacrale Therapie Pferd, Lasertherapie Pferd","og_url":"https:\/\/www.tierphysio-bingel.de\/?page_id=33","og_site_name":"Tierphysio Bingel","article_modified_time":"2024-11-17T19:23:42+00:00","og_image":[{"url":"https:\/\/www.tierphysio-bingel.de\/wp-content\/uploads\/2020\/11\/Akupunktur-1024x683.jpg","type":"","width":"","height":""}],"twitter_card":"summary_large_image","twitter_misc":{"Gesch\u00e4tzte Lesezeit":"2\u00a0Minuten"},"schema":{"@context":"https:\/\/schema.org","@graph":[{"@type":"WebPage","@id":"https:\/\/www.tierphysio-bingel.de\/?page_id=33","url":"https:\/\/www.tierphysio-bingel.de\/?page_id=33","name":"Meine Leistungen - Tierphysio Bingel","isPartOf":{"@id":"https:\/\/www.tierphysio-bingel.de\/#website"},"primaryImageOfPage":{"@id":"https:\/\/www.tierphysio-bingel.de\/?page_id=33#primaryimage"},"image":{"@id":"https:\/\/www.tierphysio-bingel.de\/?page_id=33#primaryimage"},"thumbnailUrl":"https:\/\/www.tierphysio-bingel.de\/wp-content\/uploads\/2020\/11\/Akupunktur-1024x683.jpg","datePublished":"2020-10-06T09:27:25+00:00","dateModified":"2024-11-17T19:23:42+00:00","description":"Tierphysiotherapeutin Bingel; Physiotherapie f\u00fcr Hunde; Physiotherapie f\u00fcr Katzen, Unterwasserlaufband, Osteopathie, Akupunktur, Lasertherapie, Laserakupunktur, Sportphysiotherapie f\u00fcr Sport- und Diensthunde, Craniosacrale Therapie Pferd, Lasertherapie Pferd","breadcrumb":{"@id":"https:\/\/www.tierphysio-bingel.de\/?page_id=33#breadcrumb"},"inLanguage":"de","potentialAction":[{"@type":"ReadAction","target":["https:\/\/www.tierphysio-bingel.de\/?page_id=33"]}]},{"@type":"ImageObject","inLanguage":"de","@id":"https:\/\/www.tierphysio-bingel.de\/?page_id=33#primaryimage","url":"https:\/\/www.tierphysio-bingel.de\/wp-content\/uploads\/2020\/11\/Akupunktur-scaled.jpg","contentUrl":"https:\/\/www.tierphysio-bingel.de\/wp-content\/uploads\/2020\/11\/Akupunktur-scaled.jpg","width":2560,"height":1707},{"@type":"BreadcrumbList","@id":"https:\/\/www.tierphysio-bingel.de\/?page_id=33#breadcrumb","itemListElement":[{"@type":"ListItem","position":1,"name":"Home","item":"https:\/\/www.tierphysio-bingel.de\/"},{"@type":"ListItem","position":2,"name":"Meine Leistungen"}]},{"@type":"WebSite","@id":"https:\/\/www.tierphysio-bingel.de\/#website","url":"https:\/\/www.tierphysio-bingel.de\/","name":"Tierphysio Bingel","description":"Alles f\u00fcr Ihr Tier","publisher":{"@id":"https:\/\/www.tierphysio-bingel.de\/#organization"},"potentialAction":[{"@type":"SearchAction","target":{"@type":"EntryPoint","urlTemplate":"https:\/\/www.tierphysio-bingel.de\/?s={search_term_string}"},"query-input":{"@type":"PropertyValueSpecification","valueRequired":true,"valueName":"search_term_string"}}],"inLanguage":"de"},{"@type":"Organization","@id":"https:\/\/www.tierphysio-bingel.de\/#organization","name":"Tierphysiotherapie Julia Bingel","url":"https:\/\/www.tierphysio-bingel.de\/","logo":{"@type":"ImageObject","inLanguage":"de","@id":"https:\/\/www.tierphysio-bingel.de\/#\/schema\/logo\/image\/","url":"https:\/\/www.tierphysio-bingel.de\/wp-content\/uploads\/2020\/10\/logo_xs.png","contentUrl":"https:\/\/www.tierphysio-bingel.de\/wp-content\/uploads\/2020\/10\/logo_xs.png","width":100,"height":38,"caption":"Tierphysiotherapie Julia Bingel"},"image":{"@id":"https:\/\/www.tierphysio-bingel.de\/#\/schema\/logo\/image\/"}}]}},"_links":{"self":[{"href":"https:\/\/www.tierphysio-bingel.de\/index.php?rest_route=\/wp\/v2\/pages\/33","targetHints":{"allow":["GET"]}}],"collection":[{"href":"https:\/\/www.tierphysio-bingel.de\/index.php?rest_route=\/wp\/v2\/pages"}],"about":[{"href":"https:\/\/www.tierphysio-bingel.de\/index.php?rest_route=\/wp\/v2\/types\/page"}],"author":[{"embeddable":true,"href":"https:\/\/www.tierphysio-bingel.de\/index.php?rest_route=\/wp\/v2\/users\/3"}],"replies":[{"embeddable":true,"href":"https:\/\/www.tierphysio-bingel.de\/index.php?rest_route=%2Fwp%2Fv2%2Fcomments&post=33"}],"version-history":[{"count":44,"href":"https:\/\/www.tierphysio-bingel.de\/index.php?rest_route=\/wp\/v2\/pages\/33\/revisions"}],"predecessor-version":[{"id":309,"href":"https:\/\/www.tierphysio-bingel.de\/index.php?rest_route=\/wp\/v2\/pages\/33\/revisions\/309"}],"wp:attachment":[{"href":"https:\/\/www.tierphysio-bingel.de\/index.php?rest_route=%2Fwp%2Fv2%2Fmedia&parent=33"}],"curies":[{"name":"wp","href":"https:\/\/api.w.org\/{rel}","templated":true}]}}