{"id":8,"date":"2020-09-28T19:22:35","date_gmt":"2020-09-28T19:22:35","guid":{"rendered":"https:\/\/www.tierphysio-bingel.de\/?page_id=8"},"modified":"2025-08-27T05:57:54","modified_gmt":"2025-08-27T05:57:54","slug":"ueber-uns","status":"publish","type":"page","link":"https:\/\/www.tierphysio-bingel.de\/?page_id=8","title":{"rendered":"\u00dcBER MICH"},"content":{"rendered":"\n<p>Als selbstst\u00e4ndige Tierphysiotherapeutin und langj\u00e4hrige Tiermedizinische Fachangestellte ist es mir wichtig, Ihr Tier als &#8222;Ganzes&#8220; zu betrachten, da es durch Probleme (z.B. im Bewegungsapparat, der inneren Organe, im Nervensystem) zu \u00dcberlastungen in anderen K\u00f6rperbereichen kommen kann. Die Tierphysiotherapie und Osteopathie erm\u00f6glicht hier gute Behandlungsm\u00f6glichkeiten um die Ursache zu beheben.<\/p>\n\n\n\n<p>Tiere empfinden wie wir Menschen und brauchen eine liebevolle Behandlung, Achtung und Respekt. Leidet Ihr Tier, dann leiden Sie meist mit.<\/p>\n\n\n\n<p>Durch meine erlernten F\u00e4higkeiten m\u00f6chte ich:<\/p>\n\n\n\n<ul class=\"wp-block-list\">\n<li>Schmerzen lindern<\/li>\n\n\n\n<li>Wohlbefinden steigern<\/li>\n\n\n\n<li>Selbstheilungskr\u00e4fte des K\u00f6rpers unterst\u00fctzen<\/li>\n\n\n\n<li>Lymphfluss und Wundheilung f\u00f6rdern<\/li>\n\n\n\n<li>Blockierungen und Verspannungen l\u00f6sen<\/li>\n\n\n\n<li>neurologische Probleme verbessern<\/li>\n\n\n\n<li>sekund\u00e4ren Problemen vorbeugen<\/li>\n<\/ul>\n\n\n\n<p>Hierzu geh\u00f6rt eine vertauensvolle und sensible Kontaktaufnahme mit Erstuntersuchung, um Angst und Stress bei Ihrem Tier zu vermeiden.<\/p>\n\n\n\n<p><strong>Mein Ziel ist es die Gesundheit Ihres Tieres zu erhalten, zu f\u00f6rdern, zu unterst\u00fctzen oder wieder herzustellen.<\/strong><\/p>\n\n\n\n<figure class=\"wp-block-table aligncenter is-style-regular\"><table><tbody><tr><td>2006 &#8211; 2009<\/td><td><strong>Ausbildung zur Tiermedizinischen Fachangestellten<\/strong><\/td><td>in einer Kleintierklinik <\/td><\/tr><tr><td>2009 &#8211; 2020<\/td><td><strong>Tiermedizinische Fachangestellte<\/strong><\/td><td>in einer Kleintierklinik<\/td><\/tr><tr><td>Oktober &#8211; Dezember 2014<\/td><td><strong>Lehrgang &#8222;Zusatzqualifikation &#8211; Praxismanagerin&#8220;<\/strong><\/td><td>Bildungswerk f\u00fcr Gesundheitsberufe in D\u00fcsseldorf<\/td><\/tr><tr><td>2019 &#8211; 2020<\/td><td><strong>Ausbildung zur Tierphysiotherapeutin f\u00fcr Kleintiere<\/strong><\/td><td>Vierbeiner Rehazentrum in Bad Wildungen, Akademie f\u00fcr erweiterte Tiermedizin<\/td><\/tr><tr><td>November &#8211; Dezember 2019<\/td><td><strong>Seminar &#8222;Physiotherapie und Akupunktur Hand in Hand&#8220;<\/strong><\/td><td>Vierbeiner Rehazentrum in Bad Wildungen, Akademie f\u00fcr erweiterte Tiermedizin<\/td><\/tr><tr><td>August 2020<\/td><td><strong>Seminar &#8222;Osteopathie Hund&#8220;<\/strong><\/td><td>Vierbeiner Rehazentrum in Bad Wildungen, Akademie f\u00fcr erweiterte Tiermedizin<\/td><\/tr><tr><td>September 2020<\/td><td><strong>Seminar &#8222;Therapiem\u00f6glichkeiten mittels Interferenzstrom&#8220;<\/strong><\/td><td>Vierbeiner Rehazentrum in Bad Wildungen, Akademie f\u00fcr erweiterte Tiermedizin<\/td><\/tr><tr><td>Oktober 2020<br>November 2021<\/td><td><strong>Seminar &#8222;Sportphysiotherapie &#8211; Betreuung von Sport- und Diensthunden&#8220;<\/strong><\/td><td>Vierbeiner Rehazentrum in Bad Wildungen, Akademie f\u00fcr erweiterte Tiermedizin<\/td><\/tr><tr><td>Januar 2021<\/td><td><strong>Osteopathieaufbaukurs &#8222;Wenn Nerven nerven&#8220;<\/strong><\/td><td>FBZvet, Christiane Gr\u00e4ff<\/td><\/tr><tr><td>M\u00e4rz 2021 &#8211; August 2022<\/td><td><strong>Ausbildung &#8222;Strukturelle canine Osteopathie&#8220;<\/strong><\/td><td>FBZvet, Christiane Gr\u00e4ff<\/td><\/tr><tr><td>April &#8211; Juni 2021<\/td><td><strong>R\u00f6ntgendiagnostik-Reihe Hund<\/strong><\/td><td>Peter Rosin<\/td><\/tr><tr><td>Mai 2021<\/td><td><strong>Biomechanik und Dysfunktionen am Ellbogen<\/strong><\/td><td>Peter Rosin<\/td><\/tr><tr><td>Juli &#8211; August 2021<\/td><td><strong>Akupunkturreihe Hund<\/strong><\/td><td>Peter Rosin<\/td><\/tr><tr><td>Oktober &#8211; Nov. 2021<\/td><td><strong>Sportphysiotherapie<\/strong><\/td><td>FBZvet, Christiane Gr\u00e4ff<\/td><\/tr><tr><td>Oktober &#8211; Dez. 2021<\/td><td><strong>Laser Frequenz Therapie<\/strong><\/td><td>Vinja Bauer<\/td><\/tr><tr><td>Februar 2022<\/td><td><strong>Kinesiotaping<\/strong><\/td><td>Dr.  Sabine Mai<\/td><\/tr><tr><td>Mai 2022<\/td><td><strong>Neurodynamik und neurolog. Behandlungskonzept &#8211; TYMAL<\/strong><\/td><td>Traute Schmidt<\/td><\/tr><tr><td>M\u00e4rz 2024<\/td><td><strong>Neurologie &#8211; (k)eine nervige Sache<\/strong><\/td><td>Bettina Oberstra\u00df<\/td><\/tr><tr><td>M\u00e4rz 2024<\/td><td><strong>Faszientherapie (Myofascial Release) Hund<\/strong><\/td><td>Bettina Oberstra\u00df<\/td><\/tr><tr><td>April 2024<\/td><td><strong>Strukturelle Osteopathie Hund<\/strong><\/td><td>Bettina Oberstra\u00df<\/td><\/tr><tr><td>Mail 2024<\/td><td><strong>Craniosacrale Osteopathie Hund<\/strong><\/td><td>Bettina Oberstra\u00df<\/td><\/tr><tr><td>Juni 2024<\/td><td><strong>Viszerale Osteopathie Hund<\/strong><\/td><td>Bettina Oberstra\u00df<\/td><\/tr><tr><td>Juni 2024<\/td><td><strong>Lumbo-Sakrales-Syndrom<\/strong> (online)<\/td><td>Dr. Evelyn Kusan<\/td><\/tr><tr><td>2024<\/td><td><strong>Lasertherapie<\/strong><\/td><td>College f\u00fcr Photomedizin (Colll.org)<\/td><\/tr><tr><td>2024<\/td><td><strong>Craniosacrale Therapie Pferd<\/strong><\/td><td>Sabrina K\u00fchnl<\/td><\/tr><tr><td>Dezember 2024<\/td><td><strong>Hydrotherapeutin<\/strong><\/td><td>Vierbeiner Rehazentrum in Bad Wildungen, Akademie f\u00fcr erweiterte Tiermedizin<\/td><\/tr><tr><td>2025<\/td><td><strong>Tierphysiotherapie Pferd<\/strong><\/td><td>Vierbeiner Rehazentrum in Bad Wildungen, Akademie f\u00fcr erweiterte Tiermedizin<\/td><\/tr><\/tbody><\/table><\/figure>\n\n\n\n<p><\/p>\n\n\n\n<p><\/p>\n\n\n\n<p><\/p>\n","protected":false},"excerpt":{"rendered":"<p>Als selbstst\u00e4ndige Tierphysiotherapeutin und langj\u00e4hrige Tiermedizinische Fachangestellte ist es mir wichtig, Ihr Tier als &#8222;Ganzes&#8220; zu betrachten, da es durch Probleme (z.B. im Bewegungsapparat, der inneren Organe, im Nervensystem) zu \u00dcberlastungen in anderen K\u00f6rperbereichen kommen kann. Die Tierphysiotherapie und Osteopathie<\/p>\n","protected":false},"author":3,"featured_media":0,"parent":0,"menu_order":0,"comment_status":"closed","ping_status":"closed","template":"","meta":{"footnotes":""},"class_list":["post-8","page","type-page","status-publish","hentry"],"yoast_head":"<!-- This site is optimized with the Yoast SEO plugin v24.6 - https:\/\/yoast.com\/wordpress\/plugins\/seo\/ -->\n<title>\u00dcBER MICH - Tierphysio Bingel<\/title>\n<meta name=\"description\" content=\"Julia Bingel Tiermedizinische Fachangestellte Tiephysiotherapeutin Ebsdorfergrund\" \/>\n<meta name=\"robots\" content=\"index, follow, max-snippet:-1, max-image-preview:large, max-video-preview:-1\" \/>\n<link rel=\"canonical\" href=\"https:\/\/www.tierphysio-bingel.de\/?page_id=8\" \/>\n<meta property=\"og:locale\" content=\"de_DE\" \/>\n<meta property=\"og:type\" content=\"article\" \/>\n<meta property=\"og:title\" content=\"\u00dcBER MICH - Tierphysio Bingel\" \/>\n<meta property=\"og:description\" content=\"Julia Bingel Tiermedizinische Fachangestellte Tiephysiotherapeutin Ebsdorfergrund\" \/>\n<meta property=\"og:url\" content=\"https:\/\/www.tierphysio-bingel.de\/?page_id=8\" \/>\n<meta property=\"og:site_name\" content=\"Tierphysio Bingel\" \/>\n<meta property=\"article:modified_time\" content=\"2025-08-27T05:57:54+00:00\" \/>\n<meta name=\"twitter:card\" content=\"summary_large_image\" \/>\n<meta name=\"twitter:label1\" content=\"Gesch\u00e4tzte Lesezeit\" \/>\n\t<meta name=\"twitter:data1\" content=\"3\u00a0Minuten\" \/>\n<script type=\"application\/ld+json\" class=\"yoast-schema-graph\">{\"@context\":\"https:\/\/schema.org\",\"@graph\":[{\"@type\":\"WebPage\",\"@id\":\"https:\/\/www.tierphysio-bingel.de\/?page_id=8\",\"url\":\"https:\/\/www.tierphysio-bingel.de\/?page_id=8\",\"name\":\"\u00dcBER MICH - Tierphysio Bingel\",\"isPartOf\":{\"@id\":\"https:\/\/www.tierphysio-bingel.de\/#website\"},\"datePublished\":\"2020-09-28T19:22:35+00:00\",\"dateModified\":\"2025-08-27T05:57:54+00:00\",\"description\":\"Julia Bingel Tiermedizinische Fachangestellte Tiephysiotherapeutin Ebsdorfergrund\",\"breadcrumb\":{\"@id\":\"https:\/\/www.tierphysio-bingel.de\/?page_id=8#breadcrumb\"},\"inLanguage\":\"de\",\"potentialAction\":[{\"@type\":\"ReadAction\",\"target\":[\"https:\/\/www.tierphysio-bingel.de\/?page_id=8\"]}]},{\"@type\":\"BreadcrumbList\",\"@id\":\"https:\/\/www.tierphysio-bingel.de\/?page_id=8#breadcrumb\",\"itemListElement\":[{\"@type\":\"ListItem\",\"position\":1,\"name\":\"Home\",\"item\":\"https:\/\/www.tierphysio-bingel.de\/\"},{\"@type\":\"ListItem\",\"position\":2,\"name\":\"\u00dcBER MICH\"}]},{\"@type\":\"WebSite\",\"@id\":\"https:\/\/www.tierphysio-bingel.de\/#website\",\"url\":\"https:\/\/www.tierphysio-bingel.de\/\",\"name\":\"Tierphysio Bingel\",\"description\":\"Alles f\u00fcr Ihr Tier\",\"publisher\":{\"@id\":\"https:\/\/www.tierphysio-bingel.de\/#organization\"},\"potentialAction\":[{\"@type\":\"SearchAction\",\"target\":{\"@type\":\"EntryPoint\",\"urlTemplate\":\"https:\/\/www.tierphysio-bingel.de\/?s={search_term_string}\"},\"query-input\":{\"@type\":\"PropertyValueSpecification\",\"valueRequired\":true,\"valueName\":\"search_term_string\"}}],\"inLanguage\":\"de\"},{\"@type\":\"Organization\",\"@id\":\"https:\/\/www.tierphysio-bingel.de\/#organization\",\"name\":\"Tierphysiotherapie Julia Bingel\",\"url\":\"https:\/\/www.tierphysio-bingel.de\/\",\"logo\":{\"@type\":\"ImageObject\",\"inLanguage\":\"de\",\"@id\":\"https:\/\/www.tierphysio-bingel.de\/#\/schema\/logo\/image\/\",\"url\":\"https:\/\/www.tierphysio-bingel.de\/wp-content\/uploads\/2020\/10\/logo_xs.png\",\"contentUrl\":\"https:\/\/www.tierphysio-bingel.de\/wp-content\/uploads\/2020\/10\/logo_xs.png\",\"width\":100,\"height\":38,\"caption\":\"Tierphysiotherapie Julia Bingel\"},\"image\":{\"@id\":\"https:\/\/www.tierphysio-bingel.de\/#\/schema\/logo\/image\/\"}}]}<\/script>\n<!-- \/ Yoast SEO plugin. -->","yoast_head_json":{"title":"\u00dcBER MICH - Tierphysio Bingel","description":"Julia Bingel Tiermedizinische Fachangestellte Tiephysiotherapeutin Ebsdorfergrund","robots":{"index":"index","follow":"follow","max-snippet":"max-snippet:-1","max-image-preview":"max-image-preview:large","max-video-preview":"max-video-preview:-1"},"canonical":"https:\/\/www.tierphysio-bingel.de\/?page_id=8","og_locale":"de_DE","og_type":"article","og_title":"\u00dcBER MICH - Tierphysio Bingel","og_description":"Julia Bingel Tiermedizinische Fachangestellte Tiephysiotherapeutin Ebsdorfergrund","og_url":"https:\/\/www.tierphysio-bingel.de\/?page_id=8","og_site_name":"Tierphysio Bingel","article_modified_time":"2025-08-27T05:57:54+00:00","twitter_card":"summary_large_image","twitter_misc":{"Gesch\u00e4tzte Lesezeit":"3\u00a0Minuten"},"schema":{"@context":"https:\/\/schema.org","@graph":[{"@type":"WebPage","@id":"https:\/\/www.tierphysio-bingel.de\/?page_id=8","url":"https:\/\/www.tierphysio-bingel.de\/?page_id=8","name":"\u00dcBER MICH - Tierphysio Bingel","isPartOf":{"@id":"https:\/\/www.tierphysio-bingel.de\/#website"},"datePublished":"2020-09-28T19:22:35+00:00","dateModified":"2025-08-27T05:57:54+00:00","description":"Julia Bingel Tiermedizinische Fachangestellte Tiephysiotherapeutin Ebsdorfergrund","breadcrumb":{"@id":"https:\/\/www.tierphysio-bingel.de\/?page_id=8#breadcrumb"},"inLanguage":"de","potentialAction":[{"@type":"ReadAction","target":["https:\/\/www.tierphysio-bingel.de\/?page_id=8"]}]},{"@type":"BreadcrumbList","@id":"https:\/\/www.tierphysio-bingel.de\/?page_id=8#breadcrumb","itemListElement":[{"@type":"ListItem","position":1,"name":"Home","item":"https:\/\/www.tierphysio-bingel.de\/"},{"@type":"ListItem","position":2,"name":"\u00dcBER MICH"}]},{"@type":"WebSite","@id":"https:\/\/www.tierphysio-bingel.de\/#website","url":"https:\/\/www.tierphysio-bingel.de\/","name":"Tierphysio Bingel","description":"Alles f\u00fcr Ihr Tier","publisher":{"@id":"https:\/\/www.tierphysio-bingel.de\/#organization"},"potentialAction":[{"@type":"SearchAction","target":{"@type":"EntryPoint","urlTemplate":"https:\/\/www.tierphysio-bingel.de\/?s={search_term_string}"},"query-input":{"@type":"PropertyValueSpecification","valueRequired":true,"valueName":"search_term_string"}}],"inLanguage":"de"},{"@type":"Organization","@id":"https:\/\/www.tierphysio-bingel.de\/#organization","name":"Tierphysiotherapie Julia Bingel","url":"https:\/\/www.tierphysio-bingel.de\/","logo":{"@type":"ImageObject","inLanguage":"de","@id":"https:\/\/www.tierphysio-bingel.de\/#\/schema\/logo\/image\/","url":"https:\/\/www.tierphysio-bingel.de\/wp-content\/uploads\/2020\/10\/logo_xs.png","contentUrl":"https:\/\/www.tierphysio-bingel.de\/wp-content\/uploads\/2020\/10\/logo_xs.png","width":100,"height":38,"caption":"Tierphysiotherapie Julia Bingel"},"image":{"@id":"https:\/\/www.tierphysio-bingel.de\/#\/schema\/logo\/image\/"}}]}},"_links":{"self":[{"href":"https:\/\/www.tierphysio-bingel.de\/index.php?rest_route=\/wp\/v2\/pages\/8","targetHints":{"allow":["GET"]}}],"collection":[{"href":"https:\/\/www.tierphysio-bingel.de\/index.php?rest_route=\/wp\/v2\/pages"}],"about":[{"href":"https:\/\/www.tierphysio-bingel.de\/index.php?rest_route=\/wp\/v2\/types\/page"}],"author":[{"embeddable":true,"href":"https:\/\/www.tierphysio-bingel.de\/index.php?rest_route=\/wp\/v2\/users\/3"}],"replies":[{"embeddable":true,"href":"https:\/\/www.tierphysio-bingel.de\/index.php?rest_route=%2Fwp%2Fv2%2Fcomments&post=8"}],"version-history":[{"count":28,"href":"https:\/\/www.tierphysio-bingel.de\/index.php?rest_route=\/wp\/v2\/pages\/8\/revisions"}],"predecessor-version":[{"id":345,"href":"https:\/\/www.tierphysio-bingel.de\/index.php?rest_route=\/wp\/v2\/pages\/8\/revisions\/345"}],"wp:attachment":[{"href":"https:\/\/www.tierphysio-bingel.de\/index.php?rest_route=%2Fwp%2Fv2%2Fmedia&parent=8"}],"curies":[{"name":"wp","href":"https:\/\/api.w.org\/{rel}","templated":true}]}}